{"id":3592,"date":"2021-02-17T23:12:55","date_gmt":"2021-02-17T22:12:55","guid":{"rendered":"https:\/\/ambassadeliban.be\/?page_id=3592"},"modified":"2021-02-17T23:12:55","modified_gmt":"2021-02-17T22:12:55","slug":"politique-de-confidentialite","status":"publish","type":"page","link":"https:\/\/ambassadeliban.be\/ar\/politique-de-confidentialite\/","title":{"rendered":"\u0633\u064a\u0627\u0633\u0629 \u0627\u0644\u062e\u0635\u0648\u0635\u064a\u0629"},"content":{"rendered":"<p>[vc_row bg_type=&#8221;&#8221; dima_canvas_style=&#8221;&#8221; translate_x=&#8221;0&#8243; dima_z_index=&#8221;0&#8243; delay=&#8221;&#8221; delay_duration=&#8221;&#8221; delay_offset=&#8221;&#8221;][vc_column min_height=&#8221;&#8221; bg_type=&#8221;&#8221; dima_canvas_style=&#8221;&#8221; translate_x=&#8221;0&#8243; dima_z_index=&#8221;0&#8243; delay=&#8221;&#8221; delay_duration=&#8221;&#8221; delay_offset=&#8221;&#8221;][vc_column_text]<\/p>\r\n<p>Lors de la consultation de notre site, des cookies sont d\u00e9pos\u00e9s sur votre ordinateur, votre mobile ou votre tablette. Ces cookies sont importants pour assurer un fonctionnement optimal du site et pour vous en faciliter l\u2019utilisation en remplissant, par exemple, certains champs automatiquement lors de la soumission de nouvelles demandes. De m\u00eame, nous utilisons ces cookies sur le site pour mesurer la fr\u00e9quentation du site ainsi que pour vous proposer des vid\u00e9os, des boutons de partage, des remont\u00e9es de contenus de plateformes sociales et des contenus anim\u00e9s et interactifs.<\/p>\r\n<h4>D\u00e9finition d\u2019un cookie<\/h4>\r\n<p>Un cookie est un fichier texte d\u00e9pos\u00e9 sur votre ordinateur lors de la visite d\u2019un site ou de la consultation d\u2019une publicit\u00e9. Il permet de conserver des donn\u00e9es utilisateur afin de faciliter la navigation et de permettre certaines fonctionnalit\u00e9s. Les cookies sont g\u00e9r\u00e9s par votre navigateur internet.<\/p>\r\n<h4>Moyens d\u2019opposition au d\u00e9p\u00f4t des cookies<\/h4>\r\n<p>Vous pouvez \u00e0 tout moment choisir de d\u00e9sactiver les cookies. Voici la proc\u00e9dure pour les refuser par d\u00e9faut sur les navigateurs les plus utilis\u00e9s.<\/p>\r\n<p>Si vous utilisez Firefox\u00a0:<\/p>\r\n<ol>\r\n<li>Cliquez sur le bouton de menu et s\u00e9lectionnez\u00a0Options<\/li>\r\n<li>S\u00e9lectionnez le panneau Vie priv\u00e9e et rendez-vous \u00e0 la section\u00a0Historique<\/li>\r\n<li>Dans le menu d\u00e9roulant \u00e0 c\u00f4t\u00e9 de R\u00e8gles de conservation : choisissez Utiliser les param\u00e8tres personnalis\u00e9s pour l\u2019historique<\/li>\r\n<li>D\u00e9cochez la case\u00a0Accepter les cookies\u00a0pour d\u00e9sactiver les cookies<\/li>\r\n<li>Dans la liste d\u00e9roulante\u00a0Accepter les cookies tiers, s\u00e9lectionnez\u00a0Jamais<\/li>\r\n<li>Fermez la page about:preferences. Toutes les modifications que vous avez apport\u00e9es seront automatiquement enregistr\u00e9es.<\/li>\r\n<\/ol>\r\n<p>&nbsp;<\/p>\r\n<h5>Si vous utilisez Chrome :<\/h5>\r\n<ol>\r\n<li>En haut \u00e0 droite, cliquez sur Plus &gt; Param\u00e8tres<\/li>\r\n<li>En bas, cliquez sur\u00a0Avanc\u00e9s<\/li>\r\n<li>Dans la section Confidentialit\u00e9 et s\u00e9curit\u00e9, cliquez sur Param\u00e8tres du contenu<\/li>\r\n<li>Cliquez sur Cookies: d\u00e9sactivez l\u2019option Autoriser les sites \u00e0 enregistrer\/lire les donn\u00e9es des cookies<\/li>\r\n<li>Cliquez sur OK pour valider.<\/li>\r\n<\/ol>\r\n<p>&nbsp;<\/p>\r\n<h5>Si vous utilisez Internet Explorer :<\/h5>\r\n<ol>\r\n<li>S\u00e9lectionnez le bouton\u00a0Outils, puis\u00a0Options Internet<\/li>\r\n<li>S\u00e9lectionnez l\u2019onglet Confidentialit\u00e9, puis sous Param\u00e8tres, s\u00e9lectionnez\u00a0Avanc\u00e9<\/li>\r\n<li>Cochez la case Ignorer la gestion automatique des cookies, puis s\u00e9lectionner Refuser dans la colonne Cookies tierces parties.<\/li>\r\n<\/ol>\r\n<p>Pour toute question relative aux pr\u00e9sentes informations sur les donn\u00e9es personnelles et cookies, vous pouvez nous \u00e9crire via notre formulaire de contact.<\/p>\r\n<p>[\/vc_column_text][\/vc_column][\/vc_row]<\/p>","protected":false},"excerpt":{"rendered":"<p>[vc_row bg_type=&#8221;&#8221; dima_canvas_style=&#8221;&#8221; translate_x=&#8221;0&#8243; dima_z_index=&#8221;0&#8243; delay=&#8221;&#8221; delay_duration=&#8221;&#8221; delay_offset=&#8221;&#8221;][vc_column min_height=&#8221;&#8221; bg_type=&#8221;&#8221; dima_canvas_style=&#8221;&#8221; translate_x=&#8221;0&#8243; dima_z_index=&#8221;0&#8243; delay=&#8221;&#8221; delay_duration=&#8221;&#8221; delay_offset=&#8221;&#8221;][vc_column_text] Lors de la consultation de notre site, des cookies sont d\u00e9pos\u00e9s sur votre ordinateur, votre mobile ou votre tablette. Ces cookies sont importants pour assurer un fonctionnement optimal du site et pour vous en faciliter l\u2019utilisation en remplissant, par [&hellip;]<\/p>\n","protected":false},"author":1,"featured_media":0,"parent":0,"menu_order":0,"comment_status":"closed","ping_status":"closed","template":"","meta":{"footnotes":""},"class_list":["post-3592","page","type-page","status-publish","hentry"],"_links":{"self":[{"href":"https:\/\/ambassadeliban.be\/ar\/wp-json\/wp\/v2\/pages\/3592","targetHints":{"allow":["GET"]}}],"collection":[{"href":"https:\/\/ambassadeliban.be\/ar\/wp-json\/wp\/v2\/pages"}],"about":[{"href":"https:\/\/ambassadeliban.be\/ar\/wp-json\/wp\/v2\/types\/page"}],"author":[{"embeddable":true,"href":"https:\/\/ambassadeliban.be\/ar\/wp-json\/wp\/v2\/users\/1"}],"replies":[{"embeddable":true,"href":"https:\/\/ambassadeliban.be\/ar\/wp-json\/wp\/v2\/comments?post=3592"}],"version-history":[{"count":1,"href":"https:\/\/ambassadeliban.be\/ar\/wp-json\/wp\/v2\/pages\/3592\/revisions"}],"predecessor-version":[{"id":3597,"href":"https:\/\/ambassadeliban.be\/ar\/wp-json\/wp\/v2\/pages\/3592\/revisions\/3597"}],"wp:attachment":[{"href":"https:\/\/ambassadeliban.be\/ar\/wp-json\/wp\/v2\/media?parent=3592"}],"curies":[{"name":"wp","href":"https:\/\/api.w.org\/{rel}","templated":true}]}}