{"id":3130,"date":"2021-02-12T20:38:43","date_gmt":"2021-02-12T19:38:43","guid":{"rendered":"https:\/\/ambassadeliban.be\/?page_id=3130"},"modified":"2023-01-19T00:04:05","modified_gmt":"2023-01-18T23:04:05","slug":"register","status":"publish","type":"page","link":"https:\/\/ambassadeliban.be\/ar\/register\/","title":{"rendered":"register"},"content":{"rendered":"<div class=\"uwp-register-class bsui sdel-240aa5ef\" ><div class=\"uwp_widgets uwp_widget_register\"><div class=\"uwp_page wpbs\">    <div class=\"row\">\n        <div class=\"card mx-auto container-fluid p-0 border-0\" >\n\t\t\t            <div class=\"card-body\">\n\t\t\t\t<h3 class=\"card-title text-center mb-4\">\u062a\u0633\u062c\u064a\u0644<\/h3>\n                <form class=\"uwp-registration-form uwp_form\" method=\"post\" enctype=\"multipart\/form-data\">\n\t\t\t\t\t<div data-argument=\"first_name\" class=\"mb-3\" ><label for=\"first_name\" class=\"visually-hidden form-label\">\u0627\u0644\u0627\u0633\u0645 <span class=\"text-danger\">*<\/span><\/label><input type=\"text\"  name=\"first_name\"  id=\"first_name\"  placeholder=\"\u0627\u0644\u0627\u0633\u0645 *\"  title=\"\u0627\u0644\u0627\u0633\u0645\"  required  class=\"form-control \" ><\/div><div data-argument=\"last_name\" class=\"mb-3\" ><label for=\"last_name\" class=\"visually-hidden form-label\">\u0627\u0644\u0634\u0647\u0631\u0629 <span class=\"text-danger\">*<\/span><\/label><input type=\"text\"  name=\"last_name\"  id=\"last_name\"  placeholder=\"\u0627\u0644\u0634\u0647\u0631\u0629 *\"  title=\"\u0627\u0644\u0634\u0647\u0631\u0629\"  required  class=\"form-control \" ><\/div><div data-argument=\"nom_du_pere\" class=\"mb-3\" ><label for=\"nom_du_pere\" class=\"visually-hidden form-label\">\u0627\u0633\u0645 \u0627\u0644\u0623\u0628<\/label><input type=\"text\"  name=\"nom_du_pere\"  id=\"nom_du_pere\"  placeholder=\"\u0627\u0633\u0645 \u0627\u0644\u0623\u0628\"  title=\"\u0627\u0633\u0645 \u0627\u0644\u0623\u0628\"  class=\"form-control \" ><\/div><div data-argument=\"username\" class=\"mb-3\" ><label for=\"username\" class=\"visually-hidden form-label\">\u0627\u0633\u0645 \u0627\u0627\u0644\u0645\u0633\u062a\u062e\u062f\u0645 <span class=\"text-danger\">*<\/span><\/label><input type=\"text\"  name=\"username\"  id=\"username\"  placeholder=\"\u0627\u0633\u0645 \u0627\u0627\u0644\u0645\u0633\u062a\u062e\u062f\u0645 *\"  title=\"\u0627\u0633\u0645 \u0627\u0627\u0644\u0645\u0633\u062a\u062e\u062f\u0645\"  required  class=\"form-control \" ><\/div><div data-argument=\"email\" class=\"mb-3\" ><label for=\"email\" class=\"visually-hidden form-label\">\u0627\u0644\u0628\u0631\u064a\u062f \u0627\u0644\u0625\u0644\u0643\u062a\u0631\u0648\u0646\u064a <span class=\"text-danger\">*<\/span><\/label><input type=\"email\"  name=\"email\"  id=\"email\"  placeholder=\"\u0627\u0644\u0628\u0631\u064a\u062f \u0627\u0644\u0625\u0644\u0643\u062a\u0631\u0648\u0646\u064a *\"  title=\"\u0627\u0644\u0628\u0631\u064a\u062f \u0627\u0644\u0625\u0644\u0643\u062a\u0631\u0648\u0646\u064a\"  required  class=\"form-control \" ><\/div><div data-argument=\"password\" class=\"mb-3 uwp-password-wrap\" ><label for=\"password\" class=\"visually-hidden form-label\">\u0643\u0644\u0645\u0629 \u0627\u0644\u0645\u0631\u0648\u0631 <span class=\"text-danger\">*<\/span><\/label><div class=\"input-group\" ><input type=\"password\"  name=\"password\"  id=\"password\"  placeholder=\"\u0643\u0644\u0645\u0629 \u0627\u0644\u0645\u0631\u0648\u0631 *\"  title=\"\u0643\u0644\u0645\u0629 \u0627\u0644\u0645\u0631\u0648\u0631\"  required  class=\"form-control \" ><span class=\"input-group-text top-0 end-0 c-pointer px-3\" \nonclick=\"var $el = jQuery(this).find('i');$el.toggleClass('fa-eye fa-eye-slash');\nvar $eli = jQuery(this).parent().parent().find('input');\nif($el.hasClass('fa-eye'))\n{$eli.attr('type','text');}\nelse{$eli.attr('type','password');}\"\n><i class=\"far fa-fw fa-width-fixed fa-eye-slash\"><\/i><\/span><\/div><\/div><div data-argument=\"confirm_password\" class=\"mb-3 uwp-password-wrap\" ><label for=\"confirm_password\" class=\"visually-hidden form-label\">\u062a\u0623\u0643\u064a\u062f \u0643\u0644\u0645\u0629 \u0627\u0644\u0645\u0631\u0648\u0631 <span class=\"text-danger\">*<\/span><\/label><div class=\"input-group\" ><input type=\"password\"  name=\"confirm_password\"  id=\"confirm_password\"  placeholder=\"\u062a\u0623\u0643\u064a\u062f \u0643\u0644\u0645\u0629 \u0627\u0644\u0645\u0631\u0648\u0631 *\"  title=\"\u062a\u0623\u0643\u064a\u062f \u0643\u0644\u0645\u0629 \u0627\u0644\u0645\u0631\u0648\u0631\"  required  class=\"form-control \" ><span class=\"input-group-text top-0 end-0 c-pointer px-3\" \nonclick=\"var $el = jQuery(this).find('i');$el.toggleClass('fa-eye fa-eye-slash');\nvar $eli = jQuery(this).parent().parent().find('input');\nif($el.hasClass('fa-eye'))\n{$eli.attr('type','text');}\nelse{$eli.attr('type','password');}\"\n><i class=\"far fa-fw fa-width-fixed fa-eye-slash\"><\/i><\/span><\/div><\/div><div data-argument=\"dob\" class=\"mb-3\" ><label for=\"dob\" class=\"visually-hidden form-label\">\u062a\u0627\u0631\u064a\u062e \u0627\u0644\u0648\u0644\u0627\u062f\u0629 <span class=\"text-danger\">*<\/span><\/label><div class=\"input-group-inside position-relative\" ><input type=\"text\"  name=\"dob\"  id=\"dob\"  placeholder=\"\u062a\u0627\u0631\u064a\u062e \u0627\u0644\u0648\u0644\u0627\u062f\u0629 *\"  title=\"\u062a\u0627\u0631\u064a\u062e \u0627\u0644\u0648\u0644\u0627\u062f\u0629\"  required  class=\"form-control bg-initial\"  data-alt-input=\"true\"  data-alt-format=\"m\/d\/Y\"  data-date-format=\"Y-m-d\"  data-max-date=\"today\"  data-aui-init=\"flatpickr\"  data-disable-mobile=\"true\" ><span class=\"input-group-text top-0 end-0 aui-clear-input c-pointer bg-initial border-0 px-2 d-none  h-100 py-0\" onclick=\"jQuery(this).parent().parent().find('input').val('');jQuery(this).parent().parent().find('input[name=\\'dob\\']').trigger('change');\"><span style=\"font-size: 1.5rem\" aria-hidden=\"true\" class=\"btn-close\"><\/span><\/span><\/div><\/div><div data-argument=\"addresse\" class=\"mb-3\" ><label for=\"addresse\" class=\"visually-hidden form-label\">\u0627\u0644\u0639\u0646\u0648\u0627\u0646 <span class=\"text-danger\">*<\/span><\/label><input type=\"text\"  name=\"addresse\"  id=\"addresse\"  placeholder=\"\u0627\u0644\u0639\u0646\u0648\u0627\u0646 *\"  title=\"\u0627\u0644\u0639\u0646\u0648\u0627\u0646\"  required  class=\"form-control \" ><\/div><div data-argument=\"code_postal\" class=\"mb-3\" ><label for=\"code_postal\" class=\"visually-hidden form-label\">\u0627\u0644\u0631\u0645\u0632 \u0627\u0644\u0628\u0631\u064a\u062f\u064a <span class=\"text-danger\">*<\/span><\/label><input type=\"text\"  name=\"code_postal\"  id=\"code_postal\"  placeholder=\"\u0627\u0644\u0631\u0645\u0632 \u0627\u0644\u0628\u0631\u064a\u062f\u064a *\"  title=\"\u0627\u0644\u0631\u0645\u0632 \u0627\u0644\u0628\u0631\u064a\u062f\u064a\"  required  class=\"form-control \" ><\/div><div data-argument=\"ville\" class=\"mb-3\" ><label for=\"ville\" class=\"visually-hidden form-label\">\u0627\u0644\u0645\u062f\u064a\u0646\u0629 <span class=\"text-danger\">*<\/span><\/label><input type=\"text\"  name=\"ville\"  id=\"ville\"  placeholder=\"\u0627\u0644\u0645\u062f\u064a\u0646\u0629 *\"  title=\"\u0627\u0644\u0645\u062f\u064a\u0646\u0629\"  required  class=\"form-control \" ><\/div><div data-argument=\"pays\" class=\"mb-3\" ><label for=\"pays\" class=\"visually-hidden form-label\">\u0628\u0644\u062f \u0627\u0644\u0625\u0642\u0627\u0645\u0629 <span class=\"text-danger\">*<\/span><\/label><select  style='width:100%;'  class=\"form-select aui-select2\"  name=\"pays\"  id=\"pays\"  title=\"\u0628\u0644\u062f \u0627\u0644\u0625\u0642\u0627\u0645\u0629\"  data-placeholder=\"\u0628\u0644\u062f \u0627\u0644\u0625\u0642\u0627\u0645\u0629 *\"  data-allow-clear=\"1\"  required><option><\/option><option value=\"Belgique\"  >Belgique<\/option><option value=\"Luxembourg\"  >Luxembourg<\/option><\/select><\/div><div data-argument=\"nationalite\" class=\"mb-3\" ><label for=\"nationalite\" class=\"visually-hidden form-label\">\u0627\u0644\u062c\u0646\u0633\u064a\u0629 <span class=\"text-danger\">*<\/span><\/label><select  style='width:100%;'  class=\"form-select aui-select2\"  name=\"nationalite\"  id=\"nationalite\"  title=\"\u0627\u0644\u062c\u0646\u0633\u064a\u0629\"  data-placeholder=\"\u0627\u0644\u062c\u0646\u0633\u064a\u0629 *\"  data-allow-clear=\"1\"  required><option><\/option><option value=\"Afrique du Sud\"  >Afrique du Sud<\/option><option value=\"Afghanistan\"  >Afghanistan<\/option><option value=\"Albanie\"  >Albanie<\/option><option value=\"Alg\u00e9rie\"  >Alg\u00e9rie<\/option><option value=\"Allemagne\"  >Allemagne<\/option><option value=\"Andorre\"  >Andorre<\/option><option value=\"Angola\"  >Angola<\/option><option value=\"Antigua-et-Barbuda\"  >Antigua-et-Barbuda<\/option><option value=\"Arabie Saoudite\"  >Arabie Saoudite<\/option><option value=\"Argentine\"  >Argentine<\/option><option value=\"Arm\u00e9nie\"  >Arm\u00e9nie<\/option><option value=\"Australie\"  >Australie<\/option><option value=\"Autriche\"  >Autriche<\/option><option value=\"Azerba\u00efdjan\"  >Azerba\u00efdjan<\/option><option value=\"Bahamas\"  >Bahamas<\/option><option value=\"Bahre\u00efn\"  >Bahre\u00efn<\/option><option value=\"Bangladesh\"  >Bangladesh<\/option><option value=\"Barbade\"  >Barbade<\/option><option value=\"Belgique\"  >Belgique<\/option><option value=\"Belize\"  >Belize<\/option><option value=\"B\u00e9nin\"  >B\u00e9nin<\/option><option value=\"Bhoutan\"  >Bhoutan<\/option><option value=\"Bi\u00e9lorussie\"  >Bi\u00e9lorussie<\/option><option value=\"Birmanie\"  >Birmanie<\/option><option value=\"Bolivie\"  >Bolivie<\/option><option value=\"Bosnie-Herz\u00e9govine\"  >Bosnie-Herz\u00e9govine<\/option><option value=\"Botswana\"  >Botswana<\/option><option value=\"Br\u00e9sil\"  >Br\u00e9sil<\/option><option value=\"Brunei\"  >Brunei<\/option><option value=\"Bulgarie\"  >Bulgarie<\/option><option value=\"Burkina Faso\"  >Burkina Faso<\/option><option value=\"Burundi\"  >Burundi<\/option><option value=\"Cambodge\"  >Cambodge<\/option><option value=\"Cameroun\"  >Cameroun<\/option><option value=\"Canada\"  >Canada<\/option><option value=\"Cap-Vert\"  >Cap-Vert<\/option><option value=\"Chili\"  >Chili<\/option><option value=\"Chine\"  >Chine<\/option><option value=\"Chypre\"  >Chypre<\/option><option value=\"Colombie\"  >Colombie<\/option><option value=\"Comores\"  >Comores<\/option><option value=\"Cor\u00e9e du Nord\"  >Cor\u00e9e du Nord<\/option><option value=\"Cor\u00e9e du Sud\"  >Cor\u00e9e du Sud<\/option><option value=\"Costa Rica\"  >Costa Rica<\/option><option value=\"C\u00f4te d\u2019Ivoire\"  >C\u00f4te d\u2019Ivoire<\/option><option value=\"Croatie\"  >Croatie<\/option><option value=\"Cuba\"  >Cuba<\/option><option value=\"Danemark\"  >Danemark<\/option><option value=\"Djibouti\"  >Djibouti<\/option><option value=\"Dominique\"  >Dominique<\/option><option value=\"\u00c9gypte\"  >\u00c9gypte<\/option><option value=\"\u00c9mirats arabes unis\"  >\u00c9mirats arabes unis<\/option><option value=\"\u00c9quateur\"  >\u00c9quateur<\/option><option value=\"\u00c9rythr\u00e9e\"  >\u00c9rythr\u00e9e<\/option><option value=\"Espagne\"  >Espagne<\/option><option value=\"Eswatini\"  >Eswatini<\/option><option value=\"Estonie\"  >Estonie<\/option><option value=\"\u00c9tats-Unis\"  >\u00c9tats-Unis<\/option><option value=\"\u00c9thiopie\"  >\u00c9thiopie<\/option><option value=\"Fidji\"  >Fidji<\/option><option value=\"Finlande\"  >Finlande<\/option><option value=\"France\"  >France<\/option><option value=\"Gabon\"  >Gabon<\/option><option value=\"Gambie\"  >Gambie<\/option><option value=\"G\u00e9orgie\"  >G\u00e9orgie<\/option><option value=\"Ghana\"  >Ghana<\/option><option value=\"Gr\u00e8ce\"  >Gr\u00e8ce<\/option><option value=\"Grenade\"  >Grenade<\/option><option value=\"Guatemala\"  >Guatemala<\/option><option value=\"Guin\u00e9e\"  >Guin\u00e9e<\/option><option value=\"Guin\u00e9e \u00e9quatoriale\"  >Guin\u00e9e \u00e9quatoriale<\/option><option value=\"Guin\u00e9e-Bissau\"  >Guin\u00e9e-Bissau<\/option><option value=\"Guyana\"  >Guyana<\/option><option value=\"Ha\u00efti\"  >Ha\u00efti<\/option><option value=\"Honduras\"  >Honduras<\/option><option value=\"Hongrie\"  >Hongrie<\/option><option value=\"\u00celes Cook\"  >\u00celes Cook<\/option><option value=\"\u00celes Marshall\"  >\u00celes Marshall<\/option><option value=\"Inde\"  >Inde<\/option><option value=\"Indon\u00e9sie\"  >Indon\u00e9sie<\/option><option value=\"Irak\"  >Irak<\/option><option value=\"Iran\"  >Iran<\/option><option value=\"Irlande\"  >Irlande<\/option><option value=\"Islande\"  >Islande<\/option><option value=\"Italie\"  >Italie<\/option><option value=\"Jama\u00efque\"  >Jama\u00efque<\/option><option value=\"Japon\"  >Japon<\/option><option value=\"Jordanie\"  >Jordanie<\/option><option value=\"Kazakhstan\"  >Kazakhstan<\/option><option value=\"Kenya\"  >Kenya<\/option><option value=\"Kirghizistan\"  >Kirghizistan<\/option><option value=\"Kiribati\"  >Kiribati<\/option><option value=\"Kowe\u00eft\"  >Kowe\u00eft<\/option><option value=\"Laos\"  >Laos<\/option><option value=\"Lesotho\"  >Lesotho<\/option><option value=\"Lettonie\"  >Lettonie<\/option><option value=\"Liban\"  >Liban<\/option><option value=\"Liberia\"  >Liberia<\/option><option value=\"Libye\"  >Libye<\/option><option value=\"Liechtenstein\"  >Liechtenstein<\/option><option value=\"Lituanie\"  >Lituanie<\/option><option value=\"Luxembourg\"  >Luxembourg<\/option><option value=\"Mac\u00e9doine\"  >Mac\u00e9doine<\/option><option value=\"Madagascar\"  >Madagascar<\/option><option value=\"Malaisie\"  >Malaisie<\/option><option value=\"Malawi\"  >Malawi<\/option><option value=\"Maldives\"  >Maldives<\/option><option value=\"Mali\"  >Mali<\/option><option value=\"Malte\"  >Malte<\/option><option value=\"Maroc\"  >Maroc<\/option><option value=\"Maurice\"  >Maurice<\/option><option value=\"Mauritanie\"  >Mauritanie<\/option><option value=\"Mexique\"  >Mexique<\/option><option value=\"Micron\u00e9sie\"  >Micron\u00e9sie<\/option><option value=\"Moldavie\"  >Moldavie<\/option><option value=\"Monaco\"  >Monaco<\/option><option value=\"Mongolie\"  >Mongolie<\/option><option value=\"Mont\u00e9n\u00e9gro\"  >Mont\u00e9n\u00e9gro<\/option><option value=\"Mozambique\"  >Mozambique<\/option><option value=\"Namibie\"  >Namibie<\/option><option value=\"Nauru\"  >Nauru<\/option><option value=\"N\u00e9pal\"  >N\u00e9pal<\/option><option value=\"Nicaragua\"  >Nicaragua<\/option><option value=\"Niger\"  >Niger<\/option><option value=\"Nigeria\"  >Nigeria<\/option><option value=\"Niue\"  >Niue<\/option><option value=\"Norv\u00e8ge\"  >Norv\u00e8ge<\/option><option value=\"Nouvelle-Z\u00e9lande\"  >Nouvelle-Z\u00e9lande<\/option><option value=\"Oman\"  >Oman<\/option><option value=\"Ouganda\"  >Ouganda<\/option><option value=\"Ouzb\u00e9kistan\"  >Ouzb\u00e9kistan<\/option><option value=\"Pakistan\"  >Pakistan<\/option><option value=\"Palaos\"  >Palaos<\/option><option value=\"Palestine\"  >Palestine<\/option><option value=\"Panama\"  >Panama<\/option><option value=\"Papouasie-Nouvelle-Guin\u00e9e\"  >Papouasie-Nouvelle-Guin\u00e9e<\/option><option value=\"Paraguay\"  >Paraguay<\/option><option value=\"Pays-Bas\"  >Pays-Bas<\/option><option value=\"P\u00e9rou\"  >P\u00e9rou<\/option><option value=\"Philippines\"  >Philippines<\/option><option value=\"Pologne\"  >Pologne<\/option><option value=\"Portugal\"  >Portugal<\/option><option value=\"Qatar\"  >Qatar<\/option><option value=\"R\u00e9publique centrafricaine\"  >R\u00e9publique centrafricaine<\/option><option value=\"R\u00e9publique d\u00e9mocratique du Congo\"  >R\u00e9publique d\u00e9mocratique du Congo<\/option><option value=\"R\u00e9publique Dominicaine\"  >R\u00e9publique Dominicaine<\/option><option value=\"R\u00e9publique du Congo\"  >R\u00e9publique du Congo<\/option><option value=\"R\u00e9publique tch\u00e8que\"  >R\u00e9publique tch\u00e8que<\/option><option value=\"Roumanie\"  >Roumanie<\/option><option value=\"Royaume-Uni\"  >Royaume-Uni<\/option><option value=\"Russie\"  >Russie<\/option><option value=\"Rwanda\"  >Rwanda<\/option><option value=\"Saint-Kitts-et-Nevis\"  >Saint-Kitts-et-Nevis<\/option><option value=\"Saint-Vincent-et-les-Grenadines\"  >Saint-Vincent-et-les-Grenadines<\/option><option value=\"Sainte-Lucie\"  >Sainte-Lucie<\/option><option value=\"Saint-Marin\"  >Saint-Marin<\/option><option value=\"Salomon\"  >Salomon<\/option><option value=\"Salvador\"  >Salvador<\/option><option value=\"Samoa\"  >Samoa<\/option><option value=\"S\u00e3o Tom\u00e9-et-Principe\"  >S\u00e3o Tom\u00e9-et-Principe<\/option><option value=\"S\u00e9n\u00e9gal\"  >S\u00e9n\u00e9gal<\/option><option value=\"Serbie\"  >Serbie<\/option><option value=\"Seychelles\"  >Seychelles<\/option><option value=\"Sierra Leone\"  >Sierra Leone<\/option><option value=\"Singapour\"  >Singapour<\/option><option value=\"Slovaquie\"  >Slovaquie<\/option><option value=\"Slov\u00e9nie\"  >Slov\u00e9nie<\/option><option value=\"Somalie\"  >Somalie<\/option><option value=\"Soudan\"  >Soudan<\/option><option value=\"Soudan du Sud\"  >Soudan du Sud<\/option><option value=\"Sri Lanka\"  >Sri Lanka<\/option><option value=\"Su\u00e8de\"  >Su\u00e8de<\/option><option value=\"Suisse\"  >Suisse<\/option><option value=\"Suriname\"  >Suriname<\/option><option value=\"Syrie\"  >Syrie<\/option><option value=\"Tadjikistan\"  >Tadjikistan<\/option><option value=\"Tanzanie\"  >Tanzanie<\/option><option value=\"Tchad\"  >Tchad<\/option><option value=\"Tha\u00eflande\"  >Tha\u00eflande<\/option><option value=\"Timor oriental\"  >Timor oriental<\/option><option value=\"Togo\"  >Togo<\/option><option value=\"Tonga\"  >Tonga<\/option><option value=\"Trinit\u00e9-et-Tobago\"  >Trinit\u00e9-et-Tobago<\/option><option value=\"Tunisie\"  >Tunisie<\/option><option value=\"Turkm\u00e9nistan\"  >Turkm\u00e9nistan<\/option><option value=\"Turquie\"  >Turquie<\/option><option value=\"Tuvalu\"  >Tuvalu<\/option><option value=\"Ukraine\"  >Ukraine<\/option><option value=\"Uruguay\"  >Uruguay<\/option><option value=\"Vanuatu\"  >Vanuatu<\/option><option value=\"Vatican\"  >Vatican<\/option><option value=\"Venezuela\"  >Venezuela<\/option><option value=\"Vi\u00eat Nam\"  >Vi\u00eat Nam<\/option><option value=\"Y\u00e9men\"  >Y\u00e9men<\/option><option value=\"Zambie\"  >Zambie<\/option><option value=\"Zimbabwe\"  >Zimbabwe<\/option><\/select><\/div><div data-argument=\"profession\" class=\"mb-3\" ><label for=\"profession\" class=\"visually-hidden form-label\">\u0627\u0644\u0645\u0647\u0646\u0629<\/label><input type=\"text\"  name=\"profession\"  id=\"profession\"  placeholder=\"\u0627\u0644\u0645\u0647\u0646\u0629\"  title=\"\u0627\u0644\u0645\u0647\u0646\u0629\"  class=\"form-control \" ><\/div><input type=\"hidden\" name=\"redirect_to\" value=\"https:\/\/ambassadeliban.be\/ar\/\"\/><input type=\"hidden\" name=\"uwp_register_hash\" value=\"b18a4dccc8b8595f46496a155\" style=\"display:none !important; visibility:hidden !important;\" \/><input type=\"hidden\" name=\"uwp_register_hp\" value=\"\" style=\"display:none !important; visibility:hidden !important;\" size=\"25\" autocomplete=\"off\" \/><input type=\"hidden\" name=\"uwp_register_nonce\" value=\"00c15f2cd3\" \/><input type=\"hidden\" name=\"uwp_register_form_id\" value=\"1\"><button type=\"submit\"  name=\"uwp_register_submit\"  class=\"btn btn-primary w-100 text-uppercase uwp_register_submit\"  >\u0625\u0646\u0634\u0627\u0621 \u062d\u0633\u0627\u0628<\/button>\n                <\/form>\n\n                <div class=\"uwp-footer-links\">\n                    <div class=\"uwp-footer-link\">\n\t\t\t\t\t\t<a href=\"https:\/\/ambassadeliban.be\/ar\/login\/\" class=\"d-block text-center mt-2 small uwp-login-link\"  rel=\"nofollow\"  >\u062a\u0633\u062c\u064a\u0644 \u0627\u0644\u062f\u062e\u0648\u0644<\/a>\n                    <\/div>\n                <\/div>\n\n                <div class=\"mb-3 text-center mb-0 p-0\">\n\t\t\t\t\t                <\/div>\n\n            <\/div>\n        <\/div>\n    <\/div>\n<\/div><\/div>\t<script>\n        jQuery( document ).ready( function( $ ) {\n\n            $( 'body' ).on( 'keyup', 'input[name=password], input[name=confirm_password]',\n                function( event ) {\n                    var $form = $(this).closest('form');\n                    if( ! $form.hasClass('uwp-login-form') ) {\n                        uwp_checkPasswordStrength(\n                            $form.find('input[name=password]'),\n                            $form.find('input[name=confirm_password]'),\n                            $form.find('#uwp-password-strength'),\n                            $form.find('button[type=\"submit\"], input[type=\"submit\"]'),\n                            ['black', 'listed', 'word']\n                        );\n                    }\n                }\n            );\n        });\n\t<\/script>\n\t<\/div>\n","protected":false},"excerpt":{"rendered":"\u062a\u0633\u062c\u064a\u0644 \u0627\u0644\u0627\u0633\u0645 *\u0627\u0644\u0634\u0647\u0631\u0629 *\u0627\u0633\u0645 \u0627\u0644\u0623\u0628\u0627\u0633\u0645 \u0627\u0627\u0644\u0645\u0633\u062a\u062e\u062f\u0645 *\u0627\u0644\u0628\u0631\u064a\u062f \u0627\u0644\u0625\u0644\u0643\u062a\u0631\u0648\u0646\u064a *\u0643\u0644\u0645\u0629 \u0627\u0644\u0645\u0631\u0648\u0631 *\u062a\u0623\u0643\u064a\u062f \u0643\u0644\u0645\u0629 \u0627\u0644\u0645\u0631\u0648\u0631 *\u062a\u0627\u0631\u064a\u062e \u0627\u0644\u0648\u0644\u0627\u062f\u0629 *\u0627\u0644\u0639\u0646\u0648\u0627\u0646 *\u0627\u0644\u0631\u0645\u0632 \u0627\u0644\u0628\u0631\u064a\u062f\u064a *\u0627\u0644\u0645\u062f\u064a\u0646\u0629 *\u0628\u0644\u062f \u0627\u0644\u0625\u0642\u0627\u0645\u0629 *BelgiqueLuxembourg\u0627\u0644\u062c\u0646\u0633\u064a\u0629 *Afrique du SudAfghanistanAlbanieAlg\u00e9rieAllemagneAndorreAngolaAntigua-et-BarbudaArabie SaouditeArgentineArm\u00e9nieAustralieAutricheAzerba\u00efdjanBahamasBahre\u00efnBangladeshBarbadeBelgiqueBelizeB\u00e9ninBhoutanBi\u00e9lorussieBirmanieBolivieBosnie-Herz\u00e9govineBotswanaBr\u00e9silBruneiBulgarieBurkina FasoBurundiCambodgeCamerounCanadaCap-VertChiliChineChypreColombieComoresCor\u00e9e du NordCor\u00e9e du SudCosta RicaC\u00f4te d\u2019IvoireCroatieCubaDanemarkDjiboutiDominique\u00c9gypte\u00c9mirats arabes unis\u00c9quateur\u00c9rythr\u00e9eEspagneEswatiniEstonie\u00c9tats-Unis\u00c9thiopieFidjiFinlandeFranceGabonGambieG\u00e9orgieGhanaGr\u00e8ceGrenadeGuatemalaGuin\u00e9eGuin\u00e9e \u00e9quatorialeGuin\u00e9e-BissauGuyanaHa\u00eftiHondurasHongrie\u00celes Cook\u00celes MarshallIndeIndon\u00e9sieIrakIranIrlandeIslandeItalieJama\u00efqueJaponJordanieKazakhstanKenyaKirghizistanKiribatiKowe\u00eftLaosLesothoLettonieLibanLiberiaLibyeLiechtensteinLituanieLuxembourgMac\u00e9doineMadagascarMalaisieMalawiMaldivesMaliMalteMarocMauriceMauritanieMexiqueMicron\u00e9sieMoldavieMonacoMongolieMont\u00e9n\u00e9groMozambiqueNamibieNauruN\u00e9palNicaraguaNigerNigeriaNiueNorv\u00e8geNouvelle-Z\u00e9landeOmanOugandaOuzb\u00e9kistanPakistanPalaosPalestinePanamaPapouasie-Nouvelle-Guin\u00e9eParaguayPays-BasP\u00e9rouPhilippinesPolognePortugalQatarR\u00e9publique centrafricaineR\u00e9publique d\u00e9mocratique du CongoR\u00e9publique DominicaineR\u00e9publique du CongoR\u00e9publique tch\u00e8queRoumanieRoyaume-UniRussieRwandaSaint-Kitts-et-NevisSaint-Vincent-et-les-GrenadinesSainte-LucieSaint-MarinSalomonSalvadorSamoaS\u00e3o Tom\u00e9-et-PrincipeS\u00e9n\u00e9galSerbieSeychellesSierra LeoneSingapourSlovaquieSlov\u00e9nieSomalieSoudanSoudan du SudSri LankaSu\u00e8deSuisseSurinameSyrieTadjikistanTanzanieTchadTha\u00eflandeTimor orientalTogoTongaTrinit\u00e9-et-TobagoTunisieTurkm\u00e9nistanTurquieTuvaluUkraineUruguayVanuatuVaticanVenezuelaVi\u00eat NamY\u00e9menZambieZimbabwe\u0627\u0644\u0645\u0647\u0646\u0629\u0625\u0646\u0634\u0627\u0621 \u062d\u0633\u0627\u0628 \u062a\u0633\u062c\u064a\u0644 [...]","protected":false},"author":1,"featured_media":0,"parent":0,"menu_order":0,"comment_status":"closed","ping_status":"closed","template":"","meta":{"footnotes":""},"class_list":["post-3130","page","type-page","status-publish","hentry"],"_links":{"self":[{"href":"https:\/\/ambassadeliban.be\/ar\/wp-json\/wp\/v2\/pages\/3130","targetHints":{"allow":["GET"]}}],"collection":[{"href":"https:\/\/ambassadeliban.be\/ar\/wp-json\/wp\/v2\/pages"}],"about":[{"href":"https:\/\/ambassadeliban.be\/ar\/wp-json\/wp\/v2\/types\/page"}],"author":[{"embeddable":true,"href":"https:\/\/ambassadeliban.be\/ar\/wp-json\/wp\/v2\/users\/1"}],"replies":[{"embeddable":true,"href":"https:\/\/ambassadeliban.be\/ar\/wp-json\/wp\/v2\/comments?post=3130"}],"version-history":[{"count":5,"href":"https:\/\/ambassadeliban.be\/ar\/wp-json\/wp\/v2\/pages\/3130\/revisions"}],"predecessor-version":[{"id":3249,"href":"https:\/\/ambassadeliban.be\/ar\/wp-json\/wp\/v2\/pages\/3130\/revisions\/3249"}],"wp:attachment":[{"href":"https:\/\/ambassadeliban.be\/ar\/wp-json\/wp\/v2\/media?parent=3130"}],"curies":[{"name":"wp","href":"https:\/\/api.w.org\/{rel}","templated":true}]}}